{"id":1843,"date":"2019-09-26T16:30:32","date_gmt":"2019-09-26T16:30:32","guid":{"rendered":"https:\/\/saanvi.com.mx\/saanvi\/?page_id=1843"},"modified":"2019-10-14T14:50:55","modified_gmt":"2019-10-14T14:50:55","slug":"faq-preguntas-frecuentes","status":"publish","type":"page","link":"https:\/\/saanvi.com.mx\/saanvi\/faq-preguntas-frecuentes\/","title":{"rendered":"FAQ (preguntas frecuentes)"},"content":{"rendered":"<p>[vc_row css=\u00bb.vc_custom_1571064608685{background-color: #5dc1b9 !important;}\u00bb][vc_column][vc_column_text css=\u00bb.vc_custom_1569515593526{background-image: url(https:\/\/saanvi.com.mx\/saanvi\/wp-content\/uploads\/2019\/09\/FAQ.png?id=1846) !important;background-position: 0 0 !important;background-repeat: no-repeat !important;}\u00bb]<\/p>\n<h1 style=\"text-align: center;\">FAQ<\/h1>\n<h1 style=\"text-align: center;\">(Preguntas Frecuentes)<\/h1>\n<p>&nbsp;<\/p>\n<p>&nbsp;<\/p>\n<p>&nbsp;<\/p>\n<div class=\"arconix-faq-accordion-wrap\"><div id=\"faq-1879\" class=\"arconix-faq-accordion-title\">\u00bfC\u00f3mo se determina la antig\u00fcedad de un empleado que se ha reincorporado a la organizaci\u00f3n?<\/div><div id=\"faq-Cmosedeterminalaantigedaddeunempleadoquesehareincorporadoalaorganizacin\" class=\"arconix-faq-accordion-content\"><p>Si un empleado, anteriormente labor\u00f3 en el mismo centro de trabajo, y se incorpor\u00f3 nuevamente, se empezar\u00e1 a contar su antig\u00fcedad a partir de la \u00faltima vez que ingreso.<\/p>\n<\/div><div id=\"faq-1881\" class=\"arconix-faq-accordion-title\">\u00bfQu\u00e9 empleados deben contestar el cuestionario de evaluaci\u00f3n?<\/div><div id=\"faq-Quempleadosdebencontestarelcuestionariodeevaluacin\" class=\"arconix-faq-accordion-content\"><p>Todos los colaboradores (due\u00f1os, socios, empleados, subcontratados) que laboren en el centro de trabajo m\u00e1s de tres d\u00edas a la semana, deben hacer la evaluaci\u00f3n.<\/p>\n<\/div><div id=\"faq-1839\" class=\"arconix-faq-accordion-title\">\u00bfQue pasa si pierdo mi usuario y contrase\u00f1a?<\/div><div id=\"faq-Quepasasipierdomiusuarioycontrasea\" class=\"arconix-faq-accordion-content\"><p>T\u00fa usuario y contrase\u00f1a te son proporcionados por tu inmediato superior, sin embargo, puedes entrar con el correo de tu empresa (en caso que tu empresa te asigne un correo de trabajo), o bien con el correo que proporcionaste cuando se solicitaron los datos en tu organizaci\u00f3n.<\/p>\n<p>Con este correo puedes solicitar una nueva contrase\u00f1a al sistema al momento de entrar.<\/p>\n<\/div><div id=\"faq-1841\" class=\"arconix-faq-accordion-title\">\u00bfQui\u00e9n puede ver mis datos y resultados?<\/div><div id=\"faq-Quinpuedevermisdatosyresultados\" class=\"arconix-faq-accordion-content\"><p>Nadie puede ver tus datos y los resultados de tus pruebas, mas que el sistema que lo eval\u00faa y tu mismo. Por esto es muy importante que no compartas tu usuario y contrase\u00f1a con nadie a fin de mantener toda tu informacion confidencial.<\/p>\n<\/div><div id=\"faq-1887\" class=\"arconix-faq-accordion-title\">En caso de que yo cuente con carrera t\u00e9cnica, \u00bfCu\u00e1l ser\u00eda mi grado m\u00e1ximo de estudios: bachillerato o licenciatura?<\/div><div id=\"faq-EncasodequeyocuenteconcarreratcnicaCulseramigradomximodeestudiosbachilleratoolicenciatura\" class=\"arconix-faq-accordion-content\"><p>En el caso de cualquier carrera t\u00e9cnica, se considerar\u00e1n como bachillerato.<\/p>\n<\/div><div id=\"faq-1889\" class=\"arconix-faq-accordion-title\">En caso de que yo cuente con estudios de T\u00e9cnico Superior Universitario \u00bfCu\u00e1l ser\u00eda el grado m\u00e1ximo de estudios que debo indicar?<\/div><div id=\"faq-EncasodequeyocuenteconestudiosdeTcnicoSuperiorUniversitarioCulseraelgradomximodeestudiosquedeboindicar\" class=\"arconix-faq-accordion-content\"><p>Seg\u00fan la UNESCO, los casos de T\u00e9cnico Superior Universitario (TSU) se consideran como nivel licenciatura.<\/p>\n<\/div><div id=\"faq-1877\" class=\"arconix-faq-accordion-title\">En el apartado de antig\u00fcedad \u00bfDesde cu\u00e1ndo se empieza a contar?<\/div><div id=\"faq-EnelapartadodeantigedadDesdecundoseempiezaacontar\" class=\"arconix-faq-accordion-content\"><p>La antig\u00fcedad, para fines de la evaluaci\u00f3n, se empezar\u00e1 a contar a partir del \u00faltimo ingreso que tuvieron a la empresa.<\/p>\n<\/div><div id=\"faq-1874\" class=\"arconix-faq-accordion-title\">En el apartado de estado civil, s\u00f3lo se establece \u201csoltero\u201d o \u201ccasado\u201d \u00bfQu\u00e9 criterios se toman en cuenta para considerarse en uno o en otro?<\/div><div id=\"faq-EnelapartadodeestadocivilsloseestablecesolteroocasadoQucriteriossetomanencuentaparaconsiderarseenunooenotro\" class=\"arconix-faq-accordion-content\"><p>En el estado civil se considera que todo aquel que viva con su pareja tendr\u00eda estatus de \u201ccasado\u201d, y si NO viven con su pareja se considerar\u00eda \u201csoltero\u201d.<\/p>\n<\/div><div id=\"faq-1885\" class=\"arconix-faq-accordion-title\">En el apartado de nivel m\u00e1ximo de estudios. Si no termin\u00e9 cierto nivel \u00bfSe toma en cuenta el \u00faltimo nivel que curs\u00e9, aunque no lo haya terminado, o el anterior que si conclu\u00ed?<\/div><div id=\"faq-EnelapartadodenivelmximodeestudiosSinoterminciertonivelSetomaencuentaelltimonivelquecursaunquenolohayaterminadooelanteriorquesiconclu\" class=\"arconix-faq-accordion-content\"><p>En cuanto al nivel de estudios cursados, el criterio es que, si el colaborador curs\u00f3 el 75% o m\u00e1s del nivel de estudios, se contar\u00eda como acreditado; en caso contrario se tomar\u00eda el grado de estudios anterior.<\/p>\n<p>Ejemplo: si Juan curs\u00f3 hasta el quinto semestre de una carrera de seis semestres se tomar\u00eda como acreditado el nivel licenciatura, pero si tuviera solo hasta el cuarto semestre se tomar\u00eda como nivel bachillerato.<\/p>\n<\/div><div id=\"faq-1883\" class=\"arconix-faq-accordion-title\">Si cuento con empleados por outsourcing \u00bfEllos tambi\u00e9n deben realizar la evaluaci\u00f3n?<\/div><div id=\"faq-SicuentoconempleadosporoutsourcingEllostambindebenrealizarlaevaluacin\" class=\"arconix-faq-accordion-content\"><p>Para los empleados de outsourcing existe una co-responsabilidad con la empresa que provee tales servicios. Puedes decidir no evaluarlos t\u00fa.<\/p>\n<p>Sin embargo, es importante que sean evaluados todos los empleados que laboren m\u00e1s de tres d\u00edas en tu centro de trabajo, por lo que deber\u00e1s pedirle al proveedor outsourcing, qu\u00e9 evalu\u00e9 a tales empleados y te proporcione la informaci\u00f3n y registros que lo compruebe.<\/p>\n<\/div><\/div>[\/vc_column_text][\/vc_column][\/vc_row]<\/p>\n","protected":false},"excerpt":{"rendered":"<p>[vc_row css=\u00bb.vc_custom_1571064608685{background-color: #5dc1b9 !important;}\u00bb][vc_column][vc_column_text css=\u00bb.vc_custom_1569515593526{background-image: url(https:\/\/saanvi.com.mx\/saanvi\/wp-content\/uploads\/2019\/09\/FAQ.png?id=1846) !important;background-position: 0 0 !important;background-repeat: no-repeat !important;}\u00bb] FAQ (Preguntas Frecuentes) &nbsp; &nbsp; &nbsp; [\/vc_column_text][\/vc_column][\/vc_row]<\/p>\n","protected":false},"author":9,"featured_media":0,"parent":0,"menu_order":0,"comment_status":"closed","ping_status":"closed","template":"page-templates\/template-canvas.php","meta":[],"wf_page_folders":[68],"_links":{"self":[{"href":"https:\/\/saanvi.com.mx\/saanvi\/wp-json\/wp\/v2\/pages\/1843"}],"collection":[{"href":"https:\/\/saanvi.com.mx\/saanvi\/wp-json\/wp\/v2\/pages"}],"about":[{"href":"https:\/\/saanvi.com.mx\/saanvi\/wp-json\/wp\/v2\/types\/page"}],"author":[{"embeddable":true,"href":"https:\/\/saanvi.com.mx\/saanvi\/wp-json\/wp\/v2\/users\/9"}],"replies":[{"embeddable":true,"href":"https:\/\/saanvi.com.mx\/saanvi\/wp-json\/wp\/v2\/comments?post=1843"}],"version-history":[{"count":9,"href":"https:\/\/saanvi.com.mx\/saanvi\/wp-json\/wp\/v2\/pages\/1843\/revisions"}],"predecessor-version":[{"id":1891,"href":"https:\/\/saanvi.com.mx\/saanvi\/wp-json\/wp\/v2\/pages\/1843\/revisions\/1891"}],"wp:attachment":[{"href":"https:\/\/saanvi.com.mx\/saanvi\/wp-json\/wp\/v2\/media?parent=1843"}],"wp:term":[{"taxonomy":"wf_page_folders","embeddable":true,"href":"https:\/\/saanvi.com.mx\/saanvi\/wp-json\/wp\/v2\/wf_page_folders?post=1843"}],"curies":[{"name":"wp","href":"https:\/\/api.w.org\/{rel}","templated":true}]}}